{"id":3740,"date":"2026-01-12T19:28:41","date_gmt":"2026-01-12T18:28:41","guid":{"rendered":"https:\/\/pastoriushaus.com\/?page_id=3740"},"modified":"2026-01-12T19:38:54","modified_gmt":"2026-01-12T18:38:54","slug":"stornierung","status":"publish","type":"page","link":"https:\/\/pastoriushaus.com\/en\/stornierung\/","title":{"rendered":"Can\u00adcel\u00adla\u00adtion policy"},"content":{"rendered":"<style>.kb-row-layout-id3740_462863-66 > .kt-row-column-wrap{align-content:center;}:where(.kb-row-layout-id3740_462863-66 > .kt-row-column-wrap) > .wp-block-kadence-column{justify-content:center;}.kb-row-layout-id3740_462863-66 > .kt-row-column-wrap{column-gap:var(--global-kb-gap-lg, 4rem);row-gap:var(--global-kb-gap-md, 2rem);max-width:var( --global-content-width, 1290px );padding-left:var(--global-content-edge-padding);padding-right:var(--global-content-edge-padding);padding-top:var(--global-kb-spacing-5xl, 10rem);padding-bottom:var(--global-kb-spacing-5xl, 10rem);grid-template-columns:minmax(0, 1fr);}.kb-row-layout-id3740_462863-66 > .kt-row-layout-overlay{opacity:0.30;}.kb-row-layout-id3740_462863-66 .kt-row-layout-bottom-sep{height:100px;}.kb-row-layout-id3740_462863-66 .kt-row-layout-bottom-sep svg{width:100%;}.kb-row-layout-id3740_462863-66 .kt-row-layout-bottom-sep svg{fill:var(--global-palette9, #ffffff)!important;}@media all and (max-width: 1024px){.kb-row-layout-id3740_462863-66 > .kt-row-column-wrap{grid-template-columns:minmax(0, 1fr);}}@media all and (max-width: 1024px){.kb-row-layout-id3740_462863-66 .kt-row-layout-bottom-sep{height:80px;}}@media all and (max-width: 1024px){.kb-row-layout-id3740_462863-66 .kt-row-layout-bottom-sep svg{width:%;}}@media all and (max-width: 767px){.kb-row-layout-id3740_462863-66 > .kt-row-column-wrap{padding-top:var(--global-kb-spacing-3xl, 6.5rem);padding-bottom:var(--global-kb-spacing-3xl, 6.5rem);grid-template-columns:minmax(0, 1fr);}.kb-row-layout-id3740_462863-66 .kt-row-layout-bottom-sep{height:60px;}.kb-row-layout-id3740_462863-66 .kt-row-layout-bottom-sep svg{width:%;}}<\/style><div class=\"kb-row-layout-wrap kb-row-layout-id3740_462863-66 alignfull has-theme-palette8-background-color kt-row-has-bg kb-divider-static wp-block-kadence-rowlayout\"><div class=\"kt-row-layout-bottom-sep kt-row-sep-type-crvi\"><svg viewBox=\"0 0 1000 100\" preserveAspectRatio=\"none\"><path d=\"M1000,0c0,0 -270.987,98 -500,98c-229.013,0 -500,-98 -500,-98l0,100l1000,0l0,-100Z\" \/><\/svg><\/div><div class=\"kt-row-column-wrap kt-has-1-columns kt-row-layout-equal kt-tab-layout-inherit kt-mobile-layout-row kt-row-valign-middle kb-theme-content-width\">\n<style>.kadence-column3740_8a7f1d-cb > .kt-inside-inner-col,.kadence-column3740_8a7f1d-cb > .kt-inside-inner-col:before{border-top-left-radius:0px;border-top-right-radius:0px;border-bottom-right-radius:0px;border-bottom-left-radius:0px;}.kadence-column3740_8a7f1d-cb > .kt-inside-inner-col{column-gap:var(--global-kb-gap-sm, 1rem);}.kadence-column3740_8a7f1d-cb > .kt-inside-inner-col{flex-direction:column;}.kadence-column3740_8a7f1d-cb > .kt-inside-inner-col > .aligncenter{width:100%;}.kadence-column3740_8a7f1d-cb > .kt-inside-inner-col:before{opacity:0.3;}.kadence-column3740_8a7f1d-cb{position:relative;}@media all and (max-width: 1024px){.kadence-column3740_8a7f1d-cb > .kt-inside-inner-col{flex-direction:column;justify-content:center;}}@media all and (max-width: 767px){.kadence-column3740_8a7f1d-cb > .kt-inside-inner-col{flex-direction:column;justify-content:center;}}<\/style>\n<div class=\"wp-block-kadence-column kadence-column3740_8a7f1d-cb inner-column-1\"><div class=\"kt-inside-inner-col\"><style>.wp-block-kadence-advancedheading.kt-adv-heading3740_0f0983-dc, .wp-block-kadence-advancedheading.kt-adv-heading3740_0f0983-dc[data-kb-block=\"kb-adv-heading3740_0f0983-dc\"]{margin-top:0px;margin-bottom:var(--global-kb-spacing-sm, 1.5rem);text-align:center;font-size:var(--global-kb-font-size-xxl, 4rem);line-height:1;font-style:normal;text-transform:uppercase;}.wp-block-kadence-advancedheading.kt-adv-heading3740_0f0983-dc mark.kt-highlight, .wp-block-kadence-advancedheading.kt-adv-heading3740_0f0983-dc[data-kb-block=\"kb-adv-heading3740_0f0983-dc\"] mark.kt-highlight{font-style:normal;color:#f76a0c;-webkit-box-decoration-break:clone;box-decoration-break:clone;padding-top:0px;padding-right:0px;padding-bottom:0px;padding-left:0px;}.wp-block-kadence-advancedheading.kt-adv-heading3740_0f0983-dc img.kb-inline-image, .wp-block-kadence-advancedheading.kt-adv-heading3740_0f0983-dc[data-kb-block=\"kb-adv-heading3740_0f0983-dc\"] img.kb-inline-image{width:150px;vertical-align:baseline;}@media all and (max-width: 1024px){.wp-block-kadence-advancedheading.kt-adv-heading3740_0f0983-dc, .wp-block-kadence-advancedheading.kt-adv-heading3740_0f0983-dc[data-kb-block=\"kb-adv-heading3740_0f0983-dc\"]{font-size:80px;}}@media all and (max-width: 767px){.wp-block-kadence-advancedheading.kt-adv-heading3740_0f0983-dc, .wp-block-kadence-advancedheading.kt-adv-heading3740_0f0983-dc[data-kb-block=\"kb-adv-heading3740_0f0983-dc\"]{font-size:40px;line-height:1.2;}}<\/style>\n<h2 class=\"kt-adv-heading3740_0f0983-dc wp-block-kadence-advancedheading has-theme-palette-3-color has-text-color\" data-kb-block=\"kb-adv-heading3740_0f0983-dc\">stornierungsbedingungen<\/h2>\n\n\n<style>.wp-block-kadence-advancedheading.kt-adv-heading3740_8ec256-1d, .wp-block-kadence-advancedheading.kt-adv-heading3740_8ec256-1d[data-kb-block=\"kb-adv-heading3740_8ec256-1d\"]{max-width:550px;margin-right:auto;margin-left:auto;margin-bottom:var(--global-kb-spacing-sm, 1.5rem);text-align:center;font-style:normal;}.wp-block-kadence-advancedheading.kt-adv-heading3740_8ec256-1d mark.kt-highlight, .wp-block-kadence-advancedheading.kt-adv-heading3740_8ec256-1d[data-kb-block=\"kb-adv-heading3740_8ec256-1d\"] mark.kt-highlight{font-style:normal;color:#f76a0c;-webkit-box-decoration-break:clone;box-decoration-break:clone;padding-top:0px;padding-right:0px;padding-bottom:0px;padding-left:0px;}.wp-block-kadence-advancedheading.kt-adv-heading3740_8ec256-1d img.kb-inline-image, .wp-block-kadence-advancedheading.kt-adv-heading3740_8ec256-1d[data-kb-block=\"kb-adv-heading3740_8ec256-1d\"] img.kb-inline-image{width:150px;vertical-align:baseline;}<\/style>\n<p class=\"kt-adv-heading3740_8ec256-1d wp-block-kadence-advancedheading\" data-kb-block=\"kb-adv-heading3740_8ec256-1d\">Pl\u00e4ne k\u00f6nnen sich \u00e4ndern&#8230;<\/p>\n<\/div><\/div>\n\n<\/div><\/div>\n\n<style>.kb-row-layout-id3740_190b4f-2a > .kt-row-column-wrap{align-content:start;}:where(.kb-row-layout-id3740_190b4f-2a > .kt-row-column-wrap) > .wp-block-kadence-column{justify-content:start;}.kb-row-layout-id3740_190b4f-2a > .kt-row-column-wrap{column-gap:var(--global-kb-gap-md, 2rem);row-gap:var(--global-kb-gap-md, 2rem);max-width:var( --global-content-width, 1290px );padding-left:var(--global-content-edge-padding);padding-right:var(--global-content-edge-padding);padding-top:var(--global-kb-spacing-sm, 1.5rem);padding-bottom:var(--global-kb-spacing-sm, 1.5rem);grid-template-columns:minmax(0, 1fr);}.kb-row-layout-id3740_190b4f-2a > .kt-row-layout-overlay{opacity:0.30;}@media all and (max-width: 1024px){.kb-row-layout-id3740_190b4f-2a > .kt-row-column-wrap{grid-template-columns:minmax(0, 1fr);}}@media all and (max-width: 767px){.kb-row-layout-id3740_190b4f-2a > .kt-row-column-wrap{grid-template-columns:minmax(0, 1fr);}}<\/style><div class=\"kb-row-layout-wrap kb-row-layout-id3740_190b4f-2a alignnone wp-block-kadence-rowlayout\"><div class=\"kt-row-column-wrap kt-has-1-columns kt-row-layout-equal kt-tab-layout-inherit kt-mobile-layout-row kt-row-valign-top kb-theme-content-width\">\n<style>.kadence-column3740_c9ad25-e7 > .kt-inside-inner-col,.kadence-column3740_c9ad25-e7 > .kt-inside-inner-col:before{border-top-left-radius:0px;border-top-right-radius:0px;border-bottom-right-radius:0px;border-bottom-left-radius:0px;}.kadence-column3740_c9ad25-e7 > .kt-inside-inner-col{column-gap:var(--global-kb-gap-sm, 1rem);}.kadence-column3740_c9ad25-e7 > .kt-inside-inner-col{flex-direction:column;}.kadence-column3740_c9ad25-e7 > .kt-inside-inner-col > .aligncenter{width:100%;}.kadence-column3740_c9ad25-e7 > .kt-inside-inner-col:before{opacity:0.3;}.kadence-column3740_c9ad25-e7{position:relative;}@media all and (max-width: 1024px){.kadence-column3740_c9ad25-e7 > .kt-inside-inner-col{flex-direction:column;justify-content:center;}}@media all and (max-width: 767px){.kadence-column3740_c9ad25-e7 > .kt-inside-inner-col{flex-direction:column;justify-content:center;}}<\/style>\n<div class=\"wp-block-kadence-column kadence-column3740_c9ad25-e7\"><div class=\"kt-inside-inner-col\">\n<p><br>Wir wissen, dass manchmal etwas dazwischenkommen kann. Bis zu <strong>14 Tage vor Ihrer Anreise<\/strong> k\u00f6nnen Sie Ihre Buchung v\u00f6llig <strong>kostenlos stornieren<\/strong>.<\/p>\n\n\n\n<p>Sollten Sie danach absagen m\u00fcssen, berechnen wir den vollen Buchungspreis. Da wir Ihnen in diesem Fall jedoch kein Fr\u00fchst\u00fcck servieren, ziehen wir die Kosten f\u00fcr das Fr\u00fchst\u00fcck selbstverst\u00e4ndlich vom Gesamtbetrag ab.<\/p>\n\n\n\n<p><br>Kontakieren Sie uns daf\u00fcr gerne entweder \u00fcber das <a href=\"https:\/\/pastoriushaus.com\/#contact\" data-type=\"page\" data-id=\"3493\">Kontaktformular<\/a> oder per <a href=\"mailto:info@pastoriushaus.com\">Email<\/a>.<\/p>\n<\/div><\/div>\n\n<\/div><\/div>\n\n\n<p><\/p>\n","protected":false},"excerpt":{"rendered":"<p>stornierungs\u00adbe\u00addin\u00adgun\u00adgen Pl\u00e4ne k\u00f6n\u00adnen sich \u00e4ndern\u2026 Wir wis\u00adsen, dass manch\u00admal etwas dazwis\u00adchenkom\u00admen kann. Bis zu 14 Tage vor Ihrer Anreise k\u00f6n\u00adnen Sie Ihre Buchung v\u00f6l\u00adlig kosten\u00adlos stornieren. Soll\u00adten Sie danach absagen m\u00fcssen, berech\u00adnen wir den vollen Buchung\u00adspreis. Da wir Ihnen in diesem Fall jedoch kein Fr\u00fch\u00adst\u00fcck servieren, ziehen wir die Kosten f\u00fcr das Fr\u00fch\u00adst\u00fcck selb\u00adstver\u00adst\u00e4ndlich vom\u2026<\/p>","protected":false},"author":1,"featured_media":0,"parent":0,"menu_order":0,"comment_status":"closed","ping_status":"closed","template":"","meta":{"wp_typography_post_enhancements_disabled":false,"_kadence_starter_templates_imported_post":true,"_kad_post_transparent":"","_kad_post_title":"hide","_kad_post_layout":"fullwidth","_kad_post_sidebar_id":"","_kad_post_content_style":"unboxed","_kad_post_vertical_padding":"hide","_kad_post_feature":"hide","_kad_post_feature_position":"","_kad_post_header":false,"_kad_post_footer":false,"_kad_post_classname":"","footnotes":""},"class_list":["post-3740","page","type-page","status-publish","hentry"],"_links":{"self":[{"href":"https:\/\/pastoriushaus.com\/en\/wp-json\/wp\/v2\/pages\/3740","targetHints":{"allow":["GET"]}}],"collection":[{"href":"https:\/\/pastoriushaus.com\/en\/wp-json\/wp\/v2\/pages"}],"about":[{"href":"https:\/\/pastoriushaus.com\/en\/wp-json\/wp\/v2\/types\/page"}],"author":[{"embeddable":true,"href":"https:\/\/pastoriushaus.com\/en\/wp-json\/wp\/v2\/users\/1"}],"replies":[{"embeddable":true,"href":"https:\/\/pastoriushaus.com\/en\/wp-json\/wp\/v2\/comments?post=3740"}],"version-history":[{"count":0,"href":"https:\/\/pastoriushaus.com\/en\/wp-json\/wp\/v2\/pages\/3740\/revisions"}],"wp:attachment":[{"href":"https:\/\/pastoriushaus.com\/en\/wp-json\/wp\/v2\/media?parent=3740"}],"curies":[{"name":"wp","href":"https:\/\/api.w.org\/{rel}","templated":true}]}}