{"id":3499,"date":"2025-12-28T18:21:22","date_gmt":"2025-12-28T17:21:22","guid":{"rendered":"https:\/\/pastoriushaus.com\/relaunch\/?page_id=3499"},"modified":"2026-03-02T16:57:42","modified_gmt":"2026-03-02T15:57:42","slug":"reservierung-verfuegbarkeit","status":"publish","type":"page","link":"https:\/\/pastoriushaus.com\/en\/reservierung-verfuegbarkeit\/","title":{"rendered":"Reservierung Ver\u00adf\u00fcg\u00adbarkeit"},"content":{"rendered":"<style>.kb-row-layout-id3499_338605-43 > .kt-row-column-wrap{align-content:center;}:where(.kb-row-layout-id3499_338605-43 > .kt-row-column-wrap) > .wp-block-kadence-column{justify-content:center;}.kb-row-layout-id3499_338605-43 > .kt-row-column-wrap{column-gap:var(--global-kb-gap-lg, 4rem);row-gap:var(--global-kb-gap-md, 2rem);max-width:var( --global-content-width, 1290px );padding-left:var(--global-content-edge-padding);padding-right:var(--global-content-edge-padding);padding-top:var(--global-kb-spacing-5xl, 10rem);padding-bottom:var(--global-kb-spacing-5xl, 10rem);grid-template-columns:minmax(0, 1fr);}.kb-row-layout-id3499_338605-43 > .kt-row-layout-overlay{opacity:0.30;}.kb-row-layout-id3499_338605-43 .kt-row-layout-bottom-sep{height:100px;}.kb-row-layout-id3499_338605-43 .kt-row-layout-bottom-sep svg{width:100%;}.kb-row-layout-id3499_338605-43 .kt-row-layout-bottom-sep svg{fill:var(--global-palette9, #ffffff)!important;}@media all and (max-width: 1024px){.kb-row-layout-id3499_338605-43 > .kt-row-column-wrap{grid-template-columns:minmax(0, 1fr);}}@media all and (max-width: 1024px){.kb-row-layout-id3499_338605-43 .kt-row-layout-bottom-sep{height:80px;}}@media all and (max-width: 1024px){.kb-row-layout-id3499_338605-43 .kt-row-layout-bottom-sep svg{width:%;}}@media all and (max-width: 767px){.kb-row-layout-id3499_338605-43 > .kt-row-column-wrap{padding-top:var(--global-kb-spacing-3xl, 6.5rem);padding-bottom:var(--global-kb-spacing-3xl, 6.5rem);grid-template-columns:minmax(0, 1fr);}.kb-row-layout-id3499_338605-43 .kt-row-layout-bottom-sep{height:60px;}.kb-row-layout-id3499_338605-43 .kt-row-layout-bottom-sep svg{width:%;}}<\/style><div class=\"kb-row-layout-wrap kb-row-layout-id3499_338605-43 alignfull has-theme-palette8-background-color kt-row-has-bg kb-divider-static wp-block-kadence-rowlayout\"><div class=\"kt-row-layout-bottom-sep kt-row-sep-type-crvi\"><svg viewBox=\"0 0 1000 100\" preserveAspectRatio=\"none\"><path d=\"M1000,0c0,0 -270.987,98 -500,98c-229.013,0 -500,-98 -500,-98l0,100l1000,0l0,-100Z\" \/><\/svg><\/div><div class=\"kt-row-column-wrap kt-has-1-columns kt-row-layout-equal kt-tab-layout-inherit kt-mobile-layout-row kt-row-valign-middle kb-theme-content-width\">\n<style>.kadence-column3499_9ddecf-e1 > .kt-inside-inner-col,.kadence-column3499_9ddecf-e1 > .kt-inside-inner-col:before{border-top-left-radius:0px;border-top-right-radius:0px;border-bottom-right-radius:0px;border-bottom-left-radius:0px;}.kadence-column3499_9ddecf-e1 > .kt-inside-inner-col{column-gap:var(--global-kb-gap-sm, 1rem);}.kadence-column3499_9ddecf-e1 > .kt-inside-inner-col{flex-direction:column;}.kadence-column3499_9ddecf-e1 > .kt-inside-inner-col > .aligncenter{width:100%;}.kadence-column3499_9ddecf-e1 > .kt-inside-inner-col:before{opacity:0.3;}.kadence-column3499_9ddecf-e1{position:relative;}@media all and (max-width: 1024px){.kadence-column3499_9ddecf-e1 > .kt-inside-inner-col{flex-direction:column;justify-content:center;}}@media all and (max-width: 767px){.kadence-column3499_9ddecf-e1 > .kt-inside-inner-col{flex-direction:column;justify-content:center;}}<\/style>\n<div class=\"wp-block-kadence-column kadence-column3499_9ddecf-e1 inner-column-1\"><div class=\"kt-inside-inner-col\"><style>.wp-block-kadence-advancedheading.kt-adv-heading3499_3df7cb-ce, .wp-block-kadence-advancedheading.kt-adv-heading3499_3df7cb-ce[data-kb-block=\"kb-adv-heading3499_3df7cb-ce\"]{margin-top:0px;margin-bottom:var(--global-kb-spacing-sm, 1.5rem);text-align:center;font-size:var(--global-kb-font-size-xxl, 4rem);line-height:1;font-style:normal;text-transform:uppercase;}.wp-block-kadence-advancedheading.kt-adv-heading3499_3df7cb-ce mark.kt-highlight, .wp-block-kadence-advancedheading.kt-adv-heading3499_3df7cb-ce[data-kb-block=\"kb-adv-heading3499_3df7cb-ce\"] mark.kt-highlight{font-style:normal;color:#f76a0c;-webkit-box-decoration-break:clone;box-decoration-break:clone;padding-top:0px;padding-right:0px;padding-bottom:0px;padding-left:0px;}.wp-block-kadence-advancedheading.kt-adv-heading3499_3df7cb-ce img.kb-inline-image, .wp-block-kadence-advancedheading.kt-adv-heading3499_3df7cb-ce[data-kb-block=\"kb-adv-heading3499_3df7cb-ce\"] img.kb-inline-image{width:150px;vertical-align:baseline;}@media all and (max-width: 1024px){.wp-block-kadence-advancedheading.kt-adv-heading3499_3df7cb-ce, .wp-block-kadence-advancedheading.kt-adv-heading3499_3df7cb-ce[data-kb-block=\"kb-adv-heading3499_3df7cb-ce\"]{font-size:80px;}}@media all and (max-width: 767px){.wp-block-kadence-advancedheading.kt-adv-heading3499_3df7cb-ce, .wp-block-kadence-advancedheading.kt-adv-heading3499_3df7cb-ce[data-kb-block=\"kb-adv-heading3499_3df7cb-ce\"]{font-size:40px;line-height:1.2;}}<\/style>\n<h2 class=\"kt-adv-heading3499_3df7cb-ce wp-block-kadence-advancedheading has-theme-palette-3-color has-text-color\" data-kb-block=\"kb-adv-heading3499_3df7cb-ce\">Reservierung<\/h2>\n\n\n<style>.wp-block-kadence-advancedheading.kt-adv-heading3499_96a066-72, .wp-block-kadence-advancedheading.kt-adv-heading3499_96a066-72[data-kb-block=\"kb-adv-heading3499_96a066-72\"]{max-width:550px;margin-right:auto;margin-left:auto;margin-bottom:var(--global-kb-spacing-sm, 1.5rem);text-align:center;font-style:normal;}.wp-block-kadence-advancedheading.kt-adv-heading3499_96a066-72 mark.kt-highlight, .wp-block-kadence-advancedheading.kt-adv-heading3499_96a066-72[data-kb-block=\"kb-adv-heading3499_96a066-72\"] mark.kt-highlight{font-style:normal;color:#f76a0c;-webkit-box-decoration-break:clone;box-decoration-break:clone;padding-top:0px;padding-right:0px;padding-bottom:0px;padding-left:0px;}.wp-block-kadence-advancedheading.kt-adv-heading3499_96a066-72 img.kb-inline-image, .wp-block-kadence-advancedheading.kt-adv-heading3499_96a066-72[data-kb-block=\"kb-adv-heading3499_96a066-72\"] img.kb-inline-image{width:150px;vertical-align:baseline;}<\/style>\n<p class=\"kt-adv-heading3499_96a066-72 wp-block-kadence-advancedheading\" data-kb-block=\"kb-adv-heading3499_96a066-72\">Sichern Sie sich noch heute Ihr Zimmer zum besten Preis!<a href=\"https:\/\/startertemplatecloud.com\/e28\/#\" target=\"_blank\" rel=\"noopener\"><\/a><br><a href=\"https:\/\/startertemplatecloud.com\/e28\/#\" target=\"_blank\" rel=\"noopener\"><\/a><\/p>\n<\/div><\/div>\n\n<\/div><\/div>\n\n<style>.kb-row-layout-id3499_161745-90 > .kt-row-column-wrap{align-content:start;}:where(.kb-row-layout-id3499_161745-90 > .kt-row-column-wrap) > .wp-block-kadence-column{justify-content:start;}.kb-row-layout-id3499_161745-90 > .kt-row-column-wrap{column-gap:var(--global-kb-gap-md, 2rem);row-gap:var(--global-kb-gap-md, 2rem);max-width:var( --global-content-width, 1290px );padding-left:var(--global-content-edge-padding);padding-right:var(--global-content-edge-padding);padding-top:var(--global-kb-spacing-sm, 1.5rem);padding-bottom:var(--global-kb-spacing-sm, 1.5rem);grid-template-columns:minmax(0, 1fr);}.kb-row-layout-id3499_161745-90 > .kt-row-layout-overlay{opacity:0.30;}@media all and (max-width: 1024px){.kb-row-layout-id3499_161745-90 > .kt-row-column-wrap{grid-template-columns:minmax(0, 1fr);}}@media all and (max-width: 767px){.kb-row-layout-id3499_161745-90 > .kt-row-column-wrap{grid-template-columns:minmax(0, 1fr);}}<\/style><div class=\"kb-row-layout-wrap kb-row-layout-id3499_161745-90 alignnone wp-block-kadence-rowlayout\"><div class=\"kt-row-column-wrap kt-has-1-columns kt-row-layout-equal kt-tab-layout-inherit kt-mobile-layout-row kt-row-valign-top kb-theme-content-width\">\n<style>.kadence-column3499_9016f6-bb > .kt-inside-inner-col,.kadence-column3499_9016f6-bb > .kt-inside-inner-col:before{border-top-left-radius:0px;border-top-right-radius:0px;border-bottom-right-radius:0px;border-bottom-left-radius:0px;}.kadence-column3499_9016f6-bb > .kt-inside-inner-col{column-gap:var(--global-kb-gap-sm, 1rem);}.kadence-column3499_9016f6-bb > .kt-inside-inner-col{flex-direction:column;}.kadence-column3499_9016f6-bb > .kt-inside-inner-col > .aligncenter{width:100%;}.kadence-column3499_9016f6-bb > .kt-inside-inner-col:before{opacity:0.3;}.kadence-column3499_9016f6-bb{position:relative;}@media all and (max-width: 1024px){.kadence-column3499_9016f6-bb > .kt-inside-inner-col{flex-direction:column;justify-content:center;}}@media all and (max-width: 767px){.kadence-column3499_9016f6-bb > .kt-inside-inner-col{flex-direction:column;justify-content:center;}}<\/style>\n<div class=\"wp-block-kadence-column kadence-column3499_9016f6-bb\"><div class=\"kt-inside-inner-col\"><style>.wp-block-kadence-advancedheading.kt-adv-heading3499_be3f0a-b2, .wp-block-kadence-advancedheading.kt-adv-heading3499_be3f0a-b2[data-kb-block=\"kb-adv-heading3499_be3f0a-b2\"]{padding-top:var(--global-kb-spacing-xl, 4rem);padding-bottom:var(--global-kb-spacing-xl, 4rem);font-style:normal;}.wp-block-kadence-advancedheading.kt-adv-heading3499_be3f0a-b2 mark.kt-highlight, .wp-block-kadence-advancedheading.kt-adv-heading3499_be3f0a-b2[data-kb-block=\"kb-adv-heading3499_be3f0a-b2\"] mark.kt-highlight{font-style:normal;color:#f76a0c;-webkit-box-decoration-break:clone;box-decoration-break:clone;padding-top:0px;padding-right:0px;padding-bottom:0px;padding-left:0px;}.wp-block-kadence-advancedheading.kt-adv-heading3499_be3f0a-b2 img.kb-inline-image, .wp-block-kadence-advancedheading.kt-adv-heading3499_be3f0a-b2[data-kb-block=\"kb-adv-heading3499_be3f0a-b2\"] img.kb-inline-image{width:150px;vertical-align:baseline;}<\/style>\n<p class=\"kt-adv-heading3499_be3f0a-b2 wp-block-kadence-advancedheading\" data-kb-block=\"kb-adv-heading3499_be3f0a-b2\">\u00dcber dieses Formular senden Sie uns eine <strong>verbindliche Buchungsanfrage<\/strong>. <br>Um Doppelbuchungen zu vermeiden, gleichen wir Ihre Daten kurz manuell mit unserem Belegungsplan ab. <br>Sie erhalten von uns <strong>zeitnah eine Best\u00e4tigungs-E-Mail<\/strong>. Erst mit Erhalt dieser Mail gilt Ihr Aufenthalt als fest gebucht.<br><br>Wenn Sie f\u00fcr eine gr\u00f6\u00dfere Gruppe anfragen m\u00f6chten, bitte nutzen Sie stattdessen unser <a href=\"https:\/\/pastoriushaus.com\/#contact\" data-type=\"page\" data-id=\"3493\">Kontaktformular<\/a>.<\/p>\n\n\n\n<p>Geben Sie im Folgenden bitte Ihre gew\u00fcnschten Reisedaten und die Anzahl aller Personen (inklusive Kinder unter 6 Jahren, die kein Babybett mehr brauchen) an.<\/p>\n\n\n<div class=\"mphb_sc_search-wrapper is-style-horizontal-form\">\n<form method=\"GET\" class=\"mphb_sc_search-form\" action=\"https:\/\/pastoriushaus.com\/en\/reservierung-verfuegbarkeit\/\" data-first_available_check_in_date=\"2026-04-10\">\n\n\t<p class = \"mphb-required-fields-tip\">\n\t<small>\n\t\tRequired fields are followed by\t\t<abbr title=\"required\">*<\/abbr>\n\t<\/small>\n<\/p>\n\n\t<p class=\"mphb_sc_search-check-in-date\">\n\t\t<label for=\"mphb_check_in_date-mphb-search-form-69d970b05010a\">\n\t\t\tCheck-in\t\t\t<abbr title=\"Formatted as dd.mm.yyyy\">*<\/abbr>\n\t\t<\/label>\n\t\t<br \/>\n\t\t<input\n\t\t\tid=\"mphb_check_in_date-mphb-search-form-69d970b05010a\"\n\t\t\tdata-datepick-group=\"mphb-search-form-69d970b05010a\"\n\t\t\tvalue=\"\"\n\t\t\tplaceholder=\"Check-in Date\"\n\t\t\trequired=\"required\"\n\t\t\ttype=\"text\"\n\t\t\tinputmode=\"none\"\n\t\t\tname=\"mphb_check_in_date\"\n\t\t\tclass=\"mphb-datepick\"\n\t\t\tautocomplete=\"off\"\n\t\t\t\/>\n\t<\/p>\n\n\t<p class=\"mphb_sc_search-check-out-date\">\n\t\t<label for=\"mphb_check_out_date-mphb-search-form-69d970b05010a\">\n\t\t\tCheck-out\t\t\t<abbr title=\"Formatted as dd.mm.yyyy\">*<\/abbr>\n\t\t<\/label>\n\t\t<br \/>\n\t\t<input\n\t\t\tid=\"mphb_check_out_date-mphb-search-form-69d970b05010a\"\n\t\t\tdata-datepick-group=\"mphb-search-form-69d970b05010a\"\n\t\t\tvalue=\"\"\n\t\t\tplaceholder=\"Check-out Date\"\n\t\t\trequired=\"required\"\n\t\t\ttype=\"text\"\n\t\t\tinputmode=\"none\"\n\t\t\tname=\"mphb_check_out_date\"\n\t\t\tclass=\"mphb-datepick\"\n\t\t\tautocomplete=\"off\"\n\t\t\t\/>\n\t<\/p>\n\n\t\t\t<p class=\"mphb_sc_search-adults\">\n\t\t\t<label for=\"mphb_adults-mphb-search-form-69d970b05010a\">\n\t\t\t\tGuests\t\t\t<\/label>\n\t\t\t<br \/>\n\t\t\t<select id=\"mphb_adults-mphb-search-form-69d970b05010a\" name=\"mphb_adults\" >\n\t\t\t\t\t\t\t\t\t<option value=\"1\" >1<\/option>\n\t\t\t\t\t\t\t\t\t<option value=\"2\"  selected='selected'>2<\/option>\n\t\t\t\t\t\t\t\t\t<option value=\"3\" >3<\/option>\n\t\t\t\t\t\t\t\t\t<option value=\"4\" >4<\/option>\n\t\t\t\t\t\t\t\t\t<option value=\"5\" >5<\/option>\n\t\t\t\t\t\t\t\t\t<option value=\"6\" >6<\/option>\n\t\t\t\t\t\t\t\t\t<option value=\"7\" >7<\/option>\n\t\t\t\t\t\t\t\t\t<option value=\"8\" >8<\/option>\n\t\t\t\t\t\t\t\t\t<option value=\"9\" >9<\/option>\n\t\t\t\t\t\t\t\t\t<option value=\"10\" >10<\/option>\n\t\t\t\t\t\t\t\t\t<option value=\"11\" >11<\/option>\n\t\t\t\t\t\t\t\t\t<option value=\"12\" >12<\/option>\n\t\t\t\t\t\t\t\t\t<option value=\"13\" >13<\/option>\n\t\t\t\t\t\t\t\t\t<option value=\"14\" >14<\/option>\n\t\t\t\t\t\t\t\t\t<option value=\"15\" >15<\/option>\n\t\t\t\t\t\t\t\t\t<option value=\"16\" >16<\/option>\n\t\t\t\t\t\t\t\t\t<option value=\"17\" >17<\/option>\n\t\t\t\t\t\t\t\t\t<option value=\"18\" >18<\/option>\n\t\t\t\t\t\t\t\t\t<option value=\"19\" >19<\/option>\n\t\t\t\t\t\t\t\t\t<option value=\"20\" >20<\/option>\n\t\t\t\t\t\t\t<\/select>\n\t\t<\/p>\n\t\n\t\t\t<input type=\"hidden\" id=\"mphb_children-mphb-search-form-69d970b05010a\" name=\"mphb_children\" value=\"0\" \/>\n\t\n\t\n\t\n\t<input id=\"mphb_check_in_date-mphb-search-form-69d970b05010a-hidden\" value=\"\" type=\"hidden\" name=\"mphb_check_in_date\" \/><input id=\"mphb_check_out_date-mphb-search-form-69d970b05010a-hidden\" value=\"\" type=\"hidden\" name=\"mphb_check_out_date\" \/>\n\t<p class=\"mphb_sc_search-submit-button-wrapper\">\n\t\t<input type=\"submit\" class=\"button\" value=\"Search\"\/>\n\t<\/p>\n\n\t\n<\/form>\n<\/div>\n\n<div class=\"mphb_sc_search_results-wrapper \"><div class=\"mphb-errors-wrapper\">\n\t<\/div>\n<\/div><\/div><\/div>\n\n<\/div><\/div>\n\n\n\n\n\n","protected":false},"excerpt":{"rendered":"<p>Reservierung Sich\u00adern Sie sich noch heute Ihr Zim\u00admer zum besten Preis! \u00dcber dieses For\u00admu\u00adlar senden Sie uns eine verbindliche Buchungsan\u00adfrage. Um Dop\u00adpel\u00adbuchun\u00adgen zu ver\u00admei\u00adden, gle\u00adichen wir Ihre Dat\u00aden kurz manuell mit unserem Bele\u00adgungs\u00adplan ab. Sie erhal\u00adten von uns zeit\u00adnah eine Best\u00e4\u00adti\u00adgungs-E-Mail. Erst mit Erhalt dieser Mail gilt Ihr Aufen\u00adthalt als fest gebucht. Wenn Sie&nbsp;f\u00fcr\u2026<\/p>","protected":false},"author":1,"featured_media":0,"parent":0,"menu_order":0,"comment_status":"closed","ping_status":"closed","template":"","meta":{"wp_typography_post_enhancements_disabled":false,"_kadence_starter_templates_imported_post":true,"_kad_post_transparent":"","_kad_post_title":"hide","_kad_post_layout":"fullwidth","_kad_post_sidebar_id":"","_kad_post_content_style":"unboxed","_kad_post_vertical_padding":"hide","_kad_post_feature":"hide","_kad_post_feature_position":"","_kad_post_header":false,"_kad_post_footer":false,"_kad_post_classname":"","footnotes":""},"class_list":["post-3499","page","type-page","status-publish","hentry"],"_links":{"self":[{"href":"https:\/\/pastoriushaus.com\/en\/wp-json\/wp\/v2\/pages\/3499","targetHints":{"allow":["GET"]}}],"collection":[{"href":"https:\/\/pastoriushaus.com\/en\/wp-json\/wp\/v2\/pages"}],"about":[{"href":"https:\/\/pastoriushaus.com\/en\/wp-json\/wp\/v2\/types\/page"}],"author":[{"embeddable":true,"href":"https:\/\/pastoriushaus.com\/en\/wp-json\/wp\/v2\/users\/1"}],"replies":[{"embeddable":true,"href":"https:\/\/pastoriushaus.com\/en\/wp-json\/wp\/v2\/comments?post=3499"}],"version-history":[{"count":1,"href":"https:\/\/pastoriushaus.com\/en\/wp-json\/wp\/v2\/pages\/3499\/revisions"}],"predecessor-version":[{"id":3816,"href":"https:\/\/pastoriushaus.com\/en\/wp-json\/wp\/v2\/pages\/3499\/revisions\/3816"}],"wp:attachment":[{"href":"https:\/\/pastoriushaus.com\/en\/wp-json\/wp\/v2\/media?parent=3499"}],"curies":[{"name":"wp","href":"https:\/\/api.w.org\/{rel}","templated":true}]}}