{"id":3,"date":"2020-09-30T10:45:09","date_gmt":"2020-09-30T08:45:09","guid":{"rendered":"https:\/\/penseionpastoriushaus.live-website.com\/?page_id=3"},"modified":"2026-01-12T20:09:08","modified_gmt":"2026-01-12T19:09:08","slug":"datenschutz","status":"publish","type":"page","link":"https:\/\/pastoriushaus.com\/en\/datenschutz\/","title":{"rendered":"Data pri\u00adva\u00adcy pro\u00adtec\u00adtion (DSGVO\/GDPR)"},"content":{"rendered":"<h2>1. Daten\u00adschutz auf einen&nbsp;Blick<\/h2>\n<h3>All\u00adge\u00admeine Hinweise<\/h3>\n<p>Die fol\u00adgen\u00adden Hin\u00adweise geben einen ein\u00adfachen \u00dcberblick dar\u00fcber, was mit Ihren per\u00adso\u00adn\u00aden\u00adbe\u00adzo\u00adge\u00adnen Dat\u00aden passiert, wenn Sie diese Web\u00adsite besuchen. Per\u00adso\u00adn\u00aden\u00adbe\u00adzo\u00adgene Dat\u00aden sind alle Dat\u00aden, mit denen Sie per\u00ads\u00f6n\u00adlich iden\u00adti\u00adfiziert wer\u00adden k\u00f6n\u00adnen. Aus\u00adf\u00fchrliche Infor\u00adma\u00adtio\u00adnen zum The\u00adma Daten\u00adschutz ent\u00adnehmen Sie unter diesem Text aufge\u00adf\u00fchrten Datenschutzerkl\u00e4rung.<\/p>\n<h3>Daten\u00ader\u00adfas\u00adsung auf dieser Website<\/h3>\n<h4>Wer ist ver\u00adant\u00adwortlich f\u00fcr die Daten\u00ader\u00adfas\u00adsung auf dieser Website?<\/h4>\n<p>Die Daten\u00adver\u00adar\u00adbeitung auf dieser Web\u00adsite erfol\u00adgt durch den Web\u00adsite\u00adbe\u00adtreiber. Dessen Kon\u00adtak\u00adt\u00addat\u00aden k\u00f6n\u00adnen Sie dem Impres\u00adsum dieser Web\u00adsite entnehmen.<\/p>\n<h4>Wie erfassen wir Ihre&nbsp;Daten?<\/h4>\n<p>Ihre Dat\u00aden wer\u00adden zum einen dadurch erhoben, dass Sie uns diese mit\u00adteilen. Hier\u00adbei kann es sich z.&nbsp;B. um Dat\u00aden han\u00addeln, die Sie in ein Kon\u00adtak\u00adt\u00adfor\u00admu\u00adlar eingeben.<\/p>\n<p>Andere Dat\u00aden wer\u00adden automa\u00adtisch oder nach Ihrer Ein\u00adwilli\u00adgung beim Besuch der Web\u00adsite durch unsere IT-Sys\u00adteme erfasst. Das sind vor allem tech\u00adnis\u00adche Dat\u00aden (z.&nbsp;B. Inter\u00adnet\u00adbrows\u00ader, Betrieb\u00adssys\u00adtem oder Uhrzeit des Seit\u00ade\u00adnaufrufs). Die Erfas\u00adsung dieser Dat\u00aden erfol\u00adgt automa\u00adtisch, sobald Sie diese Web\u00adsite betreten.<\/p>\n<h4>Wof\u00fcr nutzen wir Ihre&nbsp;Daten?<\/h4>\n<p>Ein Teil der Dat\u00aden wird erhoben, um eine fehler\u00adfreie Bere\u00adit\u00adstel\u00adlung der Web\u00adsite zu gew\u00e4hrleis\u00adten. Mit ihren Dat\u00aden erstellen wir eine Reservierung in ihrem Namen und sich\u00adern uns ver\u00adschiedene Kon\u00adtak\u00adt\u00adm\u00f6glichkeit\u00aden zum Zwecke der Kom\u00admu\u00adnika\u00adtion rund um ihren Aufenthalt.<\/p>\n<p>Andere Dat\u00aden k\u00f6n\u00adnen zur Analyse Ihres Nutzerver\u00adhal\u00adtens ver\u00adwen\u00addet werden.<\/p>\n<h4>Welche Rechte haben Sie bez\u00fcglich Ihrer&nbsp;Daten?<\/h4>\n<p>Sie haben jed\u00aderzeit das Recht, unent\u00adgeltlich Auskun\u00adft \u00fcber Herkun\u00adft, Empf\u00e4nger und Zweck Ihrer gespe\u00adicherten per\u00adso\u00adn\u00aden\u00adbe\u00adzo\u00adge\u00adnen Dat\u00aden zu erhal\u00adten. Sie haben au\u00dfer\u00addem ein Recht, die Berich\u00adti\u00adgung oder L\u00f6schung dieser Dat\u00aden zu ver\u00adlan\u00adgen. Wenn Sie eine Ein\u00adwilli\u00adgung zur Daten\u00adver\u00adar\u00adbeitung erteilt haben, k\u00f6n\u00adnen Sie diese Ein\u00adwilli\u00adgung jed\u00aderzeit f\u00fcr die Zukun\u00adft wider\u00adrufen. Au\u00dfer\u00addem haben Sie das Recht, unter bes\u00adtimmten Umst\u00e4n\u00adden die Ein\u00adschr\u00e4nkung der Ver\u00adar\u00adbeitung Ihrer per\u00adso\u00adn\u00aden\u00adbe\u00adzo\u00adge\u00adnen Dat\u00aden zu ver\u00adlan\u00adgen. Des Weit\u00aderen ste\u00adht Ihnen ein Beschw\u00aderderecht bei der zust\u00e4ndi\u00adgen Auf\u00adsichts\u00adbe\u00adh\u00f6rde&nbsp;zu.<\/p>\n<p>Hierzu sowie zu weit\u00aderen Fra\u00adgen zum The\u00adma Daten\u00adschutz k\u00f6n\u00adnen Sie sich jed\u00aderzeit unter der im Impres\u00adsum angegebe\u00adnen Adresse an uns wenden.<\/p>\n<h3>Analyse-Tools und Tools von Drittanbietern<\/h3>\n<p>Beim Besuch dieser Web\u00adsite kann Ihr Surf-Ver\u00adhal\u00adten sta\u00adtis\u00adtisch aus\u00adgew\u00adertet wer\u00adden. Das geschieht vor allem mit soge\u00adnan\u00adnten Analyseprogrammen.<\/p>\n<p>Detail\u00adlierte Infor\u00adma\u00adtio\u00adnen zu diesen Analy\u00adse\u00adpro\u00adgram\u00admen find\u00aden Sie in der fol\u00adgen\u00adden Datenschutzerkl\u00e4rung.<\/p>\n<h2>2. Host\u00ading und Con\u00adtent Deliv\u00adery Net\u00adworks (CDN)<\/h2>\n<h3>Externes Host\u00ading<\/h3>\n<p>Diese Web\u00adsite wird bei einem exter\u00adnen Dien\u00adstleis\u00adter gehostet (Hoster). Die per\u00adso\u00adn\u00aden\u00adbe\u00adzo\u00adge\u00adnen Dat\u00aden, die auf dieser Web\u00adsite erfasst wer\u00adden, wer\u00adden auf den Servern des Hosters gespe\u00adichert. Hier\u00adbei kann es sich v. a. um IP-Adressen, Kon\u00adtak\u00adtan\u00adfra\u00adgen, Meta- und Kom\u00admu\u00adnika\u00adtions\u00addat\u00aden, Ver\u00adtrags\u00addat\u00aden, Kon\u00adtak\u00adt\u00addat\u00aden, Namen, Web\u00adsitezu\u00adgriffe und son\u00adstige Dat\u00aden, die \u00fcber eine Web\u00adsite gener\u00adiert wer\u00adden, handeln.<\/p>\n<p>Der Ein\u00adsatz des Hosters erfol\u00adgt zum Zwecke der Ver\u00adtragser\u00adf\u00fcl\u00adlung gegen\u00fcber unseren poten\u00adziellen und beste\u00adhen\u00adden Kun\u00adden (Art. 6 Abs. 1 lit. b DSG\u00adVO) und im Inter\u00adesse ein\u00ader sicheren, schnellen und effizien\u00adten Bere\u00adit\u00adstel\u00adlung unseres Online-Ange\u00adbots durch einen pro\u00adfes\u00adsionellen Anbi\u00adeter (Art. 6 Abs. 1 lit. f&nbsp;DSGVO).<\/p>\n<p>Unser Hoster wird Ihre Dat\u00aden nur insoweit ver\u00adar\u00adbeit\u00aden, wie dies zur Erf\u00fcl\u00adlung sein\u00ader Leis\u00adtungspflicht\u00aden erforder\u00adlich ist und unsere Weisun\u00adgen in Bezug auf diese Dat\u00aden befolgen.<\/p>\n<p>Wir set\u00adzen fol\u00adgen\u00adden Hoster ein:<\/p>\n<p>1&amp;1 IONOS&nbsp;SE<br>\nElgen\u00addor\u00adfer Str.&nbsp;57<br>\n56410 Montabaur<\/p>\n<h4>Abschluss eines Ver\u00adtrages \u00fcber Auftragsverarbeitung<\/h4>\n<p>Um die daten\u00adschutzkon\u00adforme Ver\u00adar\u00adbeitung zu gew\u00e4hrleis\u00adten, haben wir einen Ver\u00adtrag \u00fcber Auf\u00adtragsver\u00adar\u00adbeitung mit unserem Hoster geschlossen.<\/p>\n<h2>3. All\u00adge\u00admeine Hin\u00adweise und Pflichtinformationen<\/h2>\n<h3>Daten\u00adschutz<\/h3>\n<p>Die Betreiber dieser Seit\u00aden nehmen den Schutz Ihrer per\u00ads\u00f6n\u00adlichen Dat\u00aden sehr ernst. Wir behan\u00addeln Ihre per\u00adso\u00adn\u00aden\u00adbe\u00adzo\u00adge\u00adnen Dat\u00aden ver\u00adtraulich und entsprechend der geset\u00adzlichen Daten\u00adschutzvorschriften sowie dieser Datenschutzerkl\u00e4rung.<\/p>\n<p>Wenn Sie diese Web\u00adsite benutzen, wer\u00adden ver\u00adschiedene per\u00adso\u00adn\u00aden\u00adbe\u00adzo\u00adgene Dat\u00aden erhoben. Per\u00adso\u00adn\u00aden\u00adbe\u00adzo\u00adgene Dat\u00aden sind Dat\u00aden, mit denen Sie per\u00ads\u00f6n\u00adlich iden\u00adti\u00adfiziert wer\u00adden k\u00f6n\u00adnen. Die vor\u00adliegende Daten\u00adschutzerk\u00adl\u00e4rung erl\u00e4utert, welche Dat\u00aden wir erheben und wof\u00fcr wir sie nutzen. Sie erl\u00e4utert auch, wie und zu welchem Zweck das geschieht.<\/p>\n<p>Wir weisen darauf hin, dass die Daten\u00fcber\u00adtra\u00adgung im Inter\u00adnet (z.&nbsp;B. bei der Kom\u00admu\u00adnika\u00adtion per E\u2011Mail) Sicher\u00adheit\u00adsl\u00fcck\u00aden aufweisen kann. Ein l\u00fcck\u00aden\u00adlos\u00ader Schutz der Dat\u00aden vor dem Zugriff durch Dritte ist nicht m\u00f6glich.<\/p>\n<h3>Hin\u00adweis zur ver\u00adant\u00adwortlichen Stelle<\/h3>\n<p>Die ver\u00adant\u00adwortliche Stelle f\u00fcr die Daten\u00adver\u00adar\u00adbeitung auf dieser Web\u00adsite&nbsp;ist:<\/p>\n<p>Rudolf Grimm<br>\nAn der Heuwaag 1<br>\n91438 Bad Windsheim<\/p>\n<p>Tele\u00adfon: 098417078<br>\nE\u2011Mail: info@pastoriushaus.com<\/p>\n<p>Ver\u00adant\u00adwortliche Stelle ist die nat\u00fcr\u00adliche oder juris\u00adtis\u00adche Per\u00adson, die allein oder gemein\u00adsam mit anderen \u00fcber die Zwecke und Mit\u00adtel der Ver\u00adar\u00adbeitung von per\u00adso\u00adn\u00aden\u00adbe\u00adzo\u00adge\u00adnen Dat\u00aden (z.&nbsp;B. Namen, E\u2011Mail-Adressen o. \u00c4.) entscheidet.<\/p>\n<h3>Spe\u00adicher\u00addauer<\/h3>\n<p>Soweit inner\u00adhalb dieser Daten\u00adschutzerk\u00adl\u00e4rung keine speziellere Spe\u00adicher\u00addauer genan\u00adnt wurde, verbleiben Ihre per\u00adso\u00adn\u00aden\u00adbe\u00adzo\u00adge\u00adnen Dat\u00aden bei uns, bis der Zweck f\u00fcr die Daten\u00adver\u00adar\u00adbeitung ent\u00adf\u00e4llt. Wenn Sie ein berechtigtes L\u00f6sch\u00ader\u00adsuchen gel\u00adtend machen oder eine Ein\u00adwilli\u00adgung zur Daten\u00adver\u00adar\u00adbeitung wider\u00adrufen, wer\u00adden Ihre Dat\u00aden gel\u00f6scht, sofern wir keinen anderen rechtlich zul\u00e4s\u00adsi\u00adgen&nbsp; Gr\u00fcnde f\u00fcr die Spe\u00adicherung Ihrer per\u00adso\u00adn\u00aden\u00adbe\u00adzo\u00adge\u00adnen Dat\u00aden haben (z.B. steuer- oder han\u00addel\u00adsrechtliche Auf\u00adbe\u00adwahrungs\u00adfris\u00adten); im let\u00adzt\u00adge\u00adnan\u00adnten Fall erfol\u00adgt die L\u00f6schung nach Fort\u00adfall dieser Gr\u00fcnde.<\/p>\n<h3>Wider\u00adruf Ihrer Ein\u00adwilli\u00adgung zur Datenverarbeitung<\/h3>\n<p>Viele Daten\u00adver\u00adar\u00adbeitungsvorg\u00e4nge sind nur mit Ihrer aus\u00addr\u00fcck\u00adlichen Ein\u00adwilli\u00adgung m\u00f6glich. Sie k\u00f6n\u00adnen eine bere\u00adits erteilte Ein\u00adwilli\u00adgung jed\u00aderzeit wider\u00adrufen. Die Recht\u00adm\u00e4\u00dfigkeit der bis zum Wider\u00adruf erfol\u00adgten Daten\u00adver\u00adar\u00adbeitung bleibt vom Wider\u00adruf unber\u00fchrt.<\/p>\n<h3>Wider\u00adspruch\u00adsrecht gegen die Daten\u00ader\u00adhe\u00adbung in beson\u00adderen F\u00e4llen sowie gegen Direk\u00adtwer\u00adbung (Art. 21&nbsp;DSGVO)<\/h3>\n<p>WENN DIE DATEN\u00adVER\u00adAR\u00adBEITUNG AUF GRUND\u00adLAGE VON ART. 6 ABS. 1 LIT. E ODER F DSG\u00adVO ERFOL\u00adGT, HABEN SIE JED\u00adERZEIT DAS RECHT, AUS GR\u00dcN\u00adDEN, DIE SICH AUS IHRER BESON\u00adDEREN SIT\u00adU\u00adA\u00adTION ERGEBEN, GEGEN DIE VER\u00adAR\u00adBEITUNG IHRER PER\u00adSO\u00adN\u00adEN\u00adBE\u00adZO\u00adGE\u00adNEN DAT\u00adEN WIDER\u00adSPRUCH EINZULE\u00adGEN; DIES GILT AUCH F\u00dcR EIN AUF DIESE BES\u00adTIM\u00adMUNGEN GEST\u00dcTZTES PRO\u00adFIL\u00adING. DIE JEW\u00adEILIGE RECHTS\u00adGRUND\u00adLAGE, AUF DENEN EINE VER\u00adAR\u00adBEITUNG BERUHT, ENT\u00adNEHMEN SIE DIESER DATEN\u00adSCHUTZERK\u00adL\u00c4RUNG. WENN SIE WIDER\u00adSPRUCH EIN\u00adLE\u00adGEN, WER\u00adDEN WIR IHRE BETROF\u00adFE\u00adNEN PER\u00adSO\u00adN\u00adEN\u00adBE\u00adZO\u00adGE\u00adNEN DAT\u00adEN NICHT MEHR VER\u00adAR\u00adBEIT\u00adEN, ES SEI DENN, WIR K\u00d6N\u00adNEN ZWIN\u00adGENDE SCHUTZW\u00dcRDI\u00adGE GR\u00dcNDE F\u00dcR DIE VER\u00adAR\u00adBEITUNG NACH\u00adWEISEN, DIE IHRE INTER\u00adESSEN, RECHTE UND FREI\u00adHEIT\u00adEN \u00dcBER\u00adWIEGEN ODER DIE VER\u00adAR\u00adBEITUNG DIENT DER GEL\u00adTEND\u00adMACHUNG, AUS\u00dcBUNG ODER VERTEI\u00adDI\u00adGUNG VON RECHT\u00adSANSPR\u00dcCHEN (WIDER\u00adSPRUCH NACH ART. 21 ABS. 1&nbsp;DSGVO).<\/p>\n<p>IHRE DAT\u00adEN WER\u00adDEN NICHT F\u00dcR DIREK\u00adTWER\u00adBUNG VERWENDET.<\/p>\n<h3>Beschwerde\u00adrecht bei der zust\u00e4ndi\u00adgen Aufsichtsbeh\u00f6rde<\/h3>\n<p>Im Falle von Ver\u00adst\u00f6\u00dfen gegen die DSG\u00adVO ste\u00adht den Betrof\u00adfe\u00adnen ein Beschw\u00aderderecht bei ein\u00ader Auf\u00adsichts\u00adbe\u00adh\u00f6rde, ins\u00adbeson\u00addere in dem Mit\u00adglied\u00adstaat ihres gew\u00f6hn\u00adlichen Aufen\u00adthalts, ihres Arbeit\u00adsplatzes oder des Orts des mut\u00adma\u00dflichen Ver\u00adsto\u00dfes zu. Das Beschw\u00aderderecht beste\u00adht unbeschadet ander\u00adweit\u00adiger ver\u00adwal\u00adtungsrechtlich\u00ader oder gerichtlich\u00ader Rechtsbehelfe.<\/p>\n<h3>Recht auf Daten\u00fcbertragbarkeit<\/h3>\n<p>Sie haben das Recht, Dat\u00aden, die wir auf Grund\u00adlage Ihrer Ein\u00adwilli\u00adgung oder in Erf\u00fcl\u00adlung eines Ver\u00adtrags automa\u00adtisiert ver\u00adar\u00adbeit\u00aden, an sich oder an einen Drit\u00adten in einem g\u00e4ngi\u00adgen, maschi\u00adnen\u00adles\u00adbaren For\u00admat aush\u00e4ndi\u00adgen zu lassen. Sofern Sie die direk\u00adte \u00dcber\u00adtra\u00adgung der Dat\u00aden an einen anderen Ver\u00adant\u00adwortlichen ver\u00adlan\u00adgen, erfol\u00adgt dies nur, soweit es tech\u00adnisch mach\u00adbar&nbsp;ist.<\/p>\n<h3>SSL- bzw. TLS-Verschl\u00fcsselung<\/h3>\n<p>Diese Seite nutzt aus Sicher\u00adheits\u00adgr\u00fcn\u00adden und zum Schutz der \u00dcber\u00adtra\u00adgung ver\u00adtraulich\u00ader Inhalte, wie zum Beispiel Bestel\u00adlun\u00adgen oder Anfra\u00adgen, die Sie an uns als Seit\u00aden\u00adbe\u00adtreiber senden, eine SSL- bzw. TLS-Ver\u00adschl\u00fcs\u00adselung. Eine ver\u00adschl\u00fcs\u00adselte Verbindung erken\u00adnen Sie daran, dass die Adresszeile des Browsers von \u201ehttp:\/\/\u201c auf \u201ehttps:\/\/\u201c wech\u00adselt und an dem Schloss-Sym\u00adbol in Ihrer Browserzeile.<\/p>\n<p>Wenn die SSL- bzw. TLS-Ver\u00adschl\u00fcs\u00adselung aktiviert ist, k\u00f6n\u00adnen die Dat\u00aden, die Sie an uns \u00fcber\u00admit\u00adteln, nicht von Drit\u00adten mit\u00adge\u00adle\u00adsen werden.<\/p>\n<h3>Auskun\u00adft, L\u00f6schung und Berichtigung<\/h3>\n<p>Sie haben im Rah\u00admen der gel\u00adtenden geset\u00adzlichen Bes\u00adtim\u00admungen jed\u00aderzeit das Recht auf unent\u00adgeltliche Auskun\u00adft \u00fcber Ihre gespe\u00adicherten per\u00adso\u00adn\u00aden\u00adbe\u00adzo\u00adge\u00adnen Dat\u00aden, deren Herkun\u00adft und Empf\u00e4nger und den Zweck der Daten\u00adver\u00adar\u00adbeitung und ggf. ein Recht auf Berich\u00adti\u00adgung oder L\u00f6schung dieser Dat\u00aden. Hierzu sowie zu weit\u00aderen Fra\u00adgen zum The\u00adma per\u00adso\u00adn\u00aden\u00adbe\u00adzo\u00adgene Dat\u00aden k\u00f6n\u00adnen Sie sich jed\u00aderzeit unter der im Impres\u00adsum angegebe\u00adnen Adresse an uns wenden.<\/p>\n<h3>Recht auf Ein\u00adschr\u00e4nkung der Verarbeitung<\/h3>\n<p>Sie haben das Recht, die Ein\u00adschr\u00e4nkung der Ver\u00adar\u00adbeitung Ihrer per\u00adso\u00adn\u00aden\u00adbe\u00adzo\u00adge\u00adnen Dat\u00aden zu ver\u00adlan\u00adgen. Hierzu k\u00f6n\u00adnen Sie sich jed\u00aderzeit unter der im Impres\u00adsum angegebe\u00adnen Adresse an uns wen\u00adden. Das Recht auf Ein\u00adschr\u00e4nkung der Ver\u00adar\u00adbeitung beste\u00adht in fol\u00adgen\u00adden F\u00e4llen:<\/p>\n<ul>\n<li>Wenn Sie die Richtigkeit Ihrer bei uns gespe\u00adicherten per\u00adso\u00adn\u00aden\u00adbe\u00adzo\u00adge\u00adnen Dat\u00aden bestre\u00adit\u00aden, ben\u00f6ti\u00adgen wir in der Regel Zeit, um dies zu \u00fcber\u00adpr\u00fcfen. F\u00fcr die Dauer der Pr\u00fc\u00adfung haben Sie das Recht, die Ein\u00adschr\u00e4nkung der Ver\u00adar\u00adbeitung Ihrer per\u00adso\u00adn\u00aden\u00adbe\u00adzo\u00adge\u00adnen Dat\u00aden zu verlangen.<\/li>\n<li>Wenn die Ver\u00adar\u00adbeitung Ihrer per\u00adso\u00adn\u00aden\u00adbe\u00adzo\u00adge\u00adnen Dat\u00aden unrecht\u00adm\u00e4\u00dfig geschah\/geschieht, k\u00f6n\u00adnen Sie statt der L\u00f6schung die Ein\u00adschr\u00e4nkung der Daten\u00adver\u00adar\u00adbeitung verlangen.<\/li>\n<li>Wenn wir Ihre per\u00adso\u00adn\u00aden\u00adbe\u00adzo\u00adge\u00adnen Dat\u00aden nicht mehr ben\u00f6ti\u00adgen, Sie sie jedoch zur Aus\u00fcbung, Vertei\u00addi\u00adgung oder Gel\u00adtend\u00admachung von Recht\u00adsanspr\u00fcchen ben\u00f6ti\u00adgen, haben Sie das Recht, statt der L\u00f6schung die Ein\u00adschr\u00e4nkung der Ver\u00adar\u00adbeitung Ihrer per\u00adso\u00adn\u00aden\u00adbe\u00adzo\u00adge\u00adnen Dat\u00aden zu verlangen.<\/li>\n<li>Wenn Sie einen Wider\u00adspruch nach Art. 21 Abs. 1 DSG\u00adVO ein\u00adgelegt haben, muss eine Abw\u00e4\u00adgung zwis\u00adchen Ihren und unseren Inter\u00adessen vorgenom\u00admen wer\u00adden. Solange noch nicht fest\u00adste\u00adht, wessen Inter\u00adessen \u00fcber\u00adwiegen, haben Sie das Recht, die Ein\u00adschr\u00e4nkung der Ver\u00adar\u00adbeitung Ihrer per\u00adso\u00adn\u00aden\u00adbe\u00adzo\u00adge\u00adnen Dat\u00aden zu verlangen.<\/li>\n<\/ul>\n<p>Wenn Sie die Ver\u00adar\u00adbeitung Ihrer per\u00adso\u00adn\u00aden\u00adbe\u00adzo\u00adge\u00adnen Dat\u00aden eingeschr\u00e4nkt haben, d\u00fcr\u00adfen diese Dat\u00aden \u2013 von ihrer Spe\u00adicherung abge\u00adse\u00adhen \u2013 nur mit Ihrer Ein\u00adwilli\u00adgung oder zur Gel\u00adtend\u00admachung, Aus\u00fcbung oder Vertei\u00addi\u00adgung von Recht\u00adsanspr\u00fcchen oder zum Schutz der Rechte ein\u00ader anderen nat\u00fcr\u00adlichen oder juris\u00adtis\u00adchen Per\u00adson oder aus Gr\u00fcn\u00adden eines wichti\u00adgen \u00f6ffentlichen Inter\u00adess\u00ades der Europ\u00e4is\u00adchen Union oder eines Mit\u00adglied\u00adstaats ver\u00adar\u00adbeit\u00adet werden.<\/p>\n<h2>4. Daten\u00ader\u00adfas\u00adsung auf dieser Website<\/h2>\n<h3>Cook\u00adies<\/h3>\n<p>Unsere Inter\u00adnet\u00adseit\u00aden ver\u00adwen\u00adden so genan\u00adnte \u201eCook\u00adies\u201c. Cook\u00adies sind kleine Text\u00addateien und richt\u00aden auf Ihrem Endger\u00e4t keinen Schaden an. Sie wer\u00adden entwed\u00ader vor\u00fcberge\u00adhend f\u00fcr die Dauer ein\u00ader Sitzung (Ses\u00adsion-Cook\u00adies) oder dauer\u00adhaft (per\u00adma\u00adnente Cook\u00adies) auf Ihrem Endger\u00e4t gespe\u00adichert. Ses\u00adsion-Cook\u00adies wer\u00adden nach Ende Ihres Besuchs automa\u00adtisch gel\u00f6scht. Per\u00adma\u00adnente Cook\u00adies bleiben auf Ihrem Endger\u00e4t gespe\u00adichert, bis Sie diese selb\u00adst l\u00f6schen&nbsp;oder eine automa\u00adtis\u00adche L\u00f6schung durch Ihren Web\u00adbrows\u00ader erfolgt.<\/p>\n<p>Teil\u00adweise k\u00f6n\u00adnen auch Cook\u00adies von Drit\u00adtun\u00adternehmen auf Ihrem Endger\u00e4t gespe\u00adichert wer\u00adden, wenn Sie unsere Seite betreten (Third-Par\u00adty-Cook\u00adies). Diese erm\u00f6glichen uns oder Ihnen die Nutzung bes\u00adtimmter Dien\u00adstleis\u00adtun\u00adgen des Drit\u00adtun\u00adternehmens (z.B. Cook\u00adies zur Abwick\u00adlung von Zahlungsdienstleistungen).<\/p>\n<p>Cook\u00adies haben ver\u00adschiedene Funk\u00adtio\u00adnen. Zahlre\u00adiche Cook\u00adies sind tech\u00adnisch notwendig, da bes\u00adtimmte Web\u00adsite\u00adfunk\u00adtio\u00adnen ohne diese nicht funk\u00adtion\u00adieren w\u00fcr\u00adden (z.B. die Warenko\u00adrb\u00adfunk\u00adtion oder die Anzeige von Videos). Andere Cook\u00adies dienen dazu, das Nutzerver\u00adhal\u00adten auszuw\u00aderten&nbsp;oder Wer\u00adbung anzuzeigen.<\/p>\n<p>Cook\u00adies, die zur Durch\u00adf\u00fchrung des elek\u00adtro\u00adn\u00adis\u00adchen Kom\u00admu\u00adnika\u00adtionsvor\u00adgangs (notwendi\u00adge Cook\u00adies) oder zur Bere\u00adit\u00adstel\u00adlung bes\u00adtimmter, von Ihnen erw\u00fcn\u00adschter Funk\u00adtio\u00adnen (funk\u00adtionale Cook\u00adies, z. B. f\u00fcr die Warenko\u00adrb\u00adfunk\u00adtion) oder zur Opti\u00admierung der Web\u00adsite (z.B. Cook\u00adies zur Mes\u00adsung des Webpub\u00adlikums) erforder\u00adlich sind, wer\u00adden auf Grund\u00adlage von Art. 6 Abs. 1 lit. f DSG\u00adVO gespe\u00adichert, sofern keine andere Rechts\u00adgrund\u00adlage angegeben wird. Der Web\u00adsite\u00adbe\u00adtreiber hat ein berechtigtes Inter\u00adesse an der Spe\u00adicherung von Cook\u00adies zur tech\u00adnisch fehler\u00adfreien und opti\u00admierten Bere\u00adit\u00adstel\u00adlung sein\u00ader Dien\u00adste. Sofern eine Ein\u00adwilli\u00adgung zur Spe\u00adicherung von Cook\u00adies abge\u00adfragt wurde, erfol\u00adgt die Spe\u00adicherung der betr\u00ade\u00adf\u00adfend\u00aden Cook\u00adies auss\u00adchlie\u00dflich auf Grund\u00adlage dieser Ein\u00adwilli\u00adgung (Art. 6 Abs. 1 lit. a DSG\u00adVO); die Ein\u00adwilli\u00adgung ist jed\u00aderzeit widerrufbar.<\/p>\n<p>Sie k\u00f6n\u00adnen Ihren Brows\u00ader so ein\u00adstellen, dass Sie \u00fcber das Set\u00adzen von Cook\u00adies informiert wer\u00adden und Cook\u00adies nur im Einzelfall erlauben, die Annahme von Cook\u00adies f\u00fcr bes\u00adtimmte F\u00e4lle oder generell auss\u00adchlie\u00dfen sowie das automa\u00adtis\u00adche L\u00f6schen der Cook\u00adies beim Schlie\u00dfen des Browsers aktivieren. Bei der Deak\u00adtivierung von Cook\u00adies kann die Funk\u00adtion\u00adal\u00adit\u00e4t dieser Web\u00adsite eingeschr\u00e4nkt sein.<\/p>\n<p>Soweit Cook\u00adies von Drit\u00adtun\u00adternehmen oder zu Analy\u00adsezweck\u00aden einge\u00adset\u00adzt wer\u00adden, wer\u00adden wir Sie hier\u00fcber im Rah\u00admen dieser Daten\u00adschutzerk\u00adl\u00e4rung geson\u00addert informieren und ggf. eine Ein\u00adwilli\u00adgung abfragen.<\/p>\n<h3>Kon\u00adtak\u00adt\u00adfor\u00admu\u00adlar<\/h3>\n<p>Wenn Sie uns per Kon\u00adtak\u00adt\u00adfor\u00admu\u00adlar Anfra\u00adgen zukom\u00admen lassen, wer\u00adden Ihre Angaben aus dem Anfrage\u00adfor\u00admu\u00adlar inklu\u00adsive der von Ihnen dort angegebe\u00adnen Kon\u00adtak\u00adt\u00addat\u00aden zwecks Bear\u00adbeitung der Anfrage und f\u00fcr den Fall von Anschlussfra\u00adgen bei uns gespe\u00adichert. Diese Dat\u00aden geben wir nicht ohne Ihre Ein\u00adwilli\u00adgung weiter.<\/p>\n<p>Die Ver\u00adar\u00adbeitung dieser Dat\u00aden erfol\u00adgt auf Grund\u00adlage von Art. 6 Abs. 1 lit. b DSG\u00adVO, sofern Ihre Anfrage mit der Erf\u00fcl\u00adlung eines Ver\u00adtrags zusam\u00admen\u00adh\u00e4ngt oder zur Durch\u00adf\u00fchrung vorver\u00adtraglich\u00ader Ma\u00df\u00adnah\u00admen erforder\u00adlich ist. In allen \u00fcbri\u00adgen F\u00e4llen beruht die Ver\u00adar\u00adbeitung auf unserem berechtigten Inter\u00adesse an der effek\u00adtiv\u00aden Bear\u00adbeitung der an uns gerichteten Anfra\u00adgen (Art. 6 Abs. 1 lit. f DSG\u00adVO) oder auf Ihrer Ein\u00adwilli\u00adgung (Art. 6 Abs. 1 lit. a DSG\u00adVO) sofern diese abge\u00adfragt&nbsp;wurde.<\/p>\n<p>Die von Ihnen im Kon\u00adtak\u00adt\u00adfor\u00admu\u00adlar eingegebe\u00adnen Dat\u00aden verbleiben bei uns, bis Sie uns zur L\u00f6schung auf\u00adfordern, Ihre Ein\u00adwilli\u00adgung zur Spe\u00adicherung wider\u00adrufen oder der Zweck f\u00fcr die Daten\u00adspe\u00adicherung ent\u00adf\u00e4llt (z. B. nach abgeschlossen\u00ader Bear\u00adbeitung Ihrer Anfrage oder Buchung). Zwin\u00adgende geset\u00adzliche Bes\u00adtim\u00admungen \u2013 ins\u00adbeson\u00addere Auf\u00adbe\u00adwahrungs\u00adfris\u00adten \u2013 bleiben unber\u00fchrt.<\/p>\n<h3>Anfrage per E\u2011Mail, Tele\u00adfon oder Telefax<\/h3>\n<p>Wenn Sie uns per E\u2011Mail, Tele\u00adfon oder Tele\u00adfax kon\u00adtak\u00adtieren, wird Ihre Anfrage inklu\u00adsive aller daraus her\u00advorge\u00adhen\u00adden per\u00adso\u00adn\u00aden\u00adbe\u00adzo\u00adge\u00adnen Dat\u00aden (Name, Anfrage) zum Zwecke der Bear\u00adbeitung Ihres Anliegens bei uns gespe\u00adichert und ver\u00adar\u00adbeit\u00adet. Diese Dat\u00aden geben wir nicht ohne Ihre Ein\u00adwilli\u00adgung weiter.<\/p>\n<p>Die Ver\u00adar\u00adbeitung dieser Dat\u00aden erfol\u00adgt auf Grund\u00adlage von Art. 6 Abs. 1 lit. b DSG\u00adVO, sofern Ihre Anfrage mit der Erf\u00fcl\u00adlung eines Ver\u00adtrags zusam\u00admen\u00adh\u00e4ngt oder zur Durch\u00adf\u00fchrung vorver\u00adtraglich\u00ader Ma\u00df\u00adnah\u00admen erforder\u00adlich ist. In allen \u00fcbri\u00adgen F\u00e4llen beruht die Ver\u00adar\u00adbeitung auf unserem berechtigten Inter\u00adesse an der effek\u00adtiv\u00aden Bear\u00adbeitung der an uns gerichteten Anfra\u00adgen (Art. 6 Abs. 1 lit. f DSG\u00adVO) oder auf Ihrer Ein\u00adwilli\u00adgung (Art. 6 Abs. 1 lit. a DSG\u00adVO) sofern diese abge\u00adfragt&nbsp;wurde.<\/p>\n<p>Die von Ihnen an uns per Kon\u00adtak\u00adtan\u00adfra\u00adgen \u00fcber\u00adsandten Dat\u00aden verbleiben bei uns, bis Sie uns zur L\u00f6schung auf\u00adfordern, Ihre Ein\u00adwilli\u00adgung zur Spe\u00adicherung wider\u00adrufen oder der Zweck f\u00fcr die Daten\u00adspe\u00adicherung ent\u00adf\u00e4llt (z. B. nach abgeschlossen\u00ader Bear\u00adbeitung Ihres Anliegens). Zwin\u00adgende geset\u00adzliche Bes\u00adtim\u00admungen \u2013 ins\u00adbeson\u00addere geset\u00adzliche Auf\u00adbe\u00adwahrungs\u00adfris\u00adten \u2013 bleiben unber\u00fchrt.<\/p>","protected":false},"excerpt":{"rendered":"<p>1. Daten\u00adschutz auf einen Blick All\u00adge\u00admeine Hin\u00adweise Die fol\u00adgen\u00adden Hin\u00adweise geben einen ein\u00adfachen \u00dcberblick dar\u00fcber, was mit Ihren per\u00adso\u00adn\u00aden\u00adbe\u00adzo\u00adge\u00adnen Dat\u00aden passiert, wenn Sie diese Web\u00adsite besuchen. Per\u00adso\u00adn\u00aden\u00adbe\u00adzo\u00adgene Dat\u00aden sind alle Dat\u00aden, mit denen Sie per\u00ads\u00f6n\u00adlich iden\u00adti\u00adfiziert wer\u00adden k\u00f6n\u00adnen. Aus\u00adf\u00fchrliche Infor\u00adma\u00adtio\u00adnen zum The\u00adma Daten\u00adschutz ent\u00adnehmen Sie unter diesem Text aufge\u00adf\u00fchrten Daten\u00adschutzerk\u00adl\u00e4rung. Daten\u00ader\u00adfas\u00adsung auf dieser Web\u00adsite&nbsp;Wer\u2026<\/p>","protected":false},"author":1,"featured_media":0,"parent":0,"menu_order":0,"comment_status":"closed","ping_status":"closed","template":"","meta":{"wp_typography_post_enhancements_disabled":false,"_kadence_starter_templates_imported_post":false,"_kad_post_transparent":"","_kad_post_title":"","_kad_post_layout":"","_kad_post_sidebar_id":"","_kad_post_content_style":"","_kad_post_vertical_padding":"","_kad_post_feature":"","_kad_post_feature_position":"","_kad_post_header":false,"_kad_post_footer":false,"_kad_post_classname":"","footnotes":""},"class_list":["post-3","page","type-page","status-publish","hentry"],"_links":{"self":[{"href":"https:\/\/pastoriushaus.com\/en\/wp-json\/wp\/v2\/pages\/3","targetHints":{"allow":["GET"]}}],"collection":[{"href":"https:\/\/pastoriushaus.com\/en\/wp-json\/wp\/v2\/pages"}],"about":[{"href":"https:\/\/pastoriushaus.com\/en\/wp-json\/wp\/v2\/types\/page"}],"author":[{"embeddable":true,"href":"https:\/\/pastoriushaus.com\/en\/wp-json\/wp\/v2\/users\/1"}],"replies":[{"embeddable":true,"href":"https:\/\/pastoriushaus.com\/en\/wp-json\/wp\/v2\/comments?post=3"}],"version-history":[{"count":0,"href":"https:\/\/pastoriushaus.com\/en\/wp-json\/wp\/v2\/pages\/3\/revisions"}],"wp:attachment":[{"href":"https:\/\/pastoriushaus.com\/en\/wp-json\/wp\/v2\/media?parent=3"}],"curies":[{"name":"wp","href":"https:\/\/api.w.org\/{rel}","templated":true}]}}