{"id":280,"date":"2020-10-02T12:04:49","date_gmt":"2020-10-02T10:04:49","guid":{"rendered":"http:\/\/s844728513.online.de\/?page_id=280"},"modified":"2026-02-09T20:01:56","modified_gmt":"2026-02-09T19:01:56","slug":"impressum","status":"publish","type":"page","link":"https:\/\/pastoriushaus.com\/en\/impressum\/","title":{"rendered":"Impres\u00adsum"},"content":{"rendered":"<h2>Angaben gem\u00e4\u00df \u00a7 5&nbsp;TMG<\/h2>\n<p>Rudolf Grimm<br>\nPen\u00adsion Pastoriushaus<br>\nAn der Heuwaag 1<br>\n91438 Bad Windsheim<\/p>\n<h2>Con\u00adtact&nbsp;Us<\/h2>\n<p>Tele\u00adfon: 098417078<br>\nE\u2011Mail: info@pastoriushaus.com<\/p>\n<h2>Umsatzs\u00adteuer-ID<\/h2>\n<p>Umsatzs\u00adteuer-Iden\u00adti\u00adfika\u00adtion\u00adsnum\u00admer gem\u00e4\u00df \u00a7 27 a Umsatzsteuergesetz:<br>\n252\/222\/50008<\/p>\n<h2>EU-Stre\u00aditschlich\u00adtung<\/h2>\n<p>Die Europ\u00e4is\u00adche Kom\u00admis\u00adsion stellt eine Plat\u00adtform zur Online-Stre\u00adit\u00adbei\u00adle\u00adgung (OS) bere\u00adit: <a href=\"https:\/\/ec.europa.eu\/consumers\/odr\" target=\"_blank\" rel=\"noopener noreferrer\">https:\/\/ec.europa.eu\/consumers\/odr<\/a>.<br>\nUnsere E\u2011Mail-Adresse find\u00aden Sie oben im Impressum.<\/p>\n<h2>Verbraucher\u00adstreit\u00adbeilegung\/Universal\u00adschlichtungs\u00adstelle<\/h2>\n<p>Wir sind nicht bere\u00adit oder verpflichtet, an Stre\u00adit\u00adbei\u00adle\u00adgungsver\u00adfahren vor ein\u00ader Ver\u00adbrauch\u00ader\u00adschlich\u00adtungsstelle teilzunehmen.<\/p>\n<h3>Haf\u00adtung f\u00fcr Inhalte<\/h3>\n<p>Als Dien\u00adstean\u00adbi\u00adeter sind wir gem\u00e4\u00df \u00a7 7 Abs.1 TMG f\u00fcr eigene Inhalte auf diesen Seit\u00aden nach den all\u00adge\u00admeinen Geset\u00adzen ver\u00adant\u00adwortlich. Nach \u00a7\u00a7 8 bis 10 TMG sind wir als Dien\u00adstean\u00adbi\u00adeter jedoch nicht verpflichtet, \u00fcber\u00admit\u00adtelte oder gespe\u00adicherte fremde Infor\u00adma\u00adtio\u00adnen zu \u00fcberwachen oder nach Umst\u00e4n\u00adden zu forschen, die auf eine rechtswidrige T\u00e4tigkeit hinweisen.<\/p>\n<p>Verpflich\u00adtun\u00adgen zur Ent\u00adfer\u00adnung oder Sper\u00adrung der Nutzung von Infor\u00adma\u00adtio\u00adnen nach den all\u00adge\u00admeinen Geset\u00adzen bleiben hier\u00advon unber\u00fchrt. Eine dies\u00adbez\u00fcgliche Haf\u00adtung ist jedoch erst ab dem Zeit\u00adpunkt der Ken\u00adnt\u00adnis ein\u00ader konkreten Rechtsver\u00adlet\u00adzung m\u00f6glich. Bei Bekan\u00adntwer\u00adden von entsprechen\u00adden Rechtsver\u00adlet\u00adzun\u00adgen wer\u00adden wir diese Inhalte umge\u00adhend entfernen.<\/p>\n<h3>Haf\u00adtung f\u00fcr&nbsp;Links<\/h3>\n<p>Unser Ange\u00adbot enth\u00e4lt Links zu exter\u00adnen Web\u00adsites Drit\u00adter, auf deren Inhalte wir keinen Ein\u00adfluss haben. Deshalb k\u00f6n\u00adnen wir f\u00fcr diese frem\u00adden Inhalte auch keine Gew\u00e4hr \u00fcbernehmen. F\u00fcr die Inhalte der ver\u00adlink\u00adten Seit\u00aden ist stets der jew\u00adeilige Anbi\u00adeter oder Betreiber der Seit\u00aden ver\u00adant\u00adwortlich. Die ver\u00adlink\u00adten Seit\u00aden wur\u00adden zum Zeit\u00adpunkt der Ver\u00adlinkung auf m\u00f6gliche Rechtsver\u00adst\u00f6\u00dfe \u00fcber\u00adpr\u00fcft. Rechtswidrige Inhalte waren zum Zeit\u00adpunkt der Ver\u00adlinkung nicht erkennbar.<\/p>\n<p>Eine per\u00adma\u00adnente inhaltliche Kon\u00adtrolle der ver\u00adlink\u00adten Seit\u00aden ist jedoch ohne konkrete Anhalt\u00adspunk\u00adte ein\u00ader Rechtsver\u00adlet\u00adzung nicht zumut\u00adbar. Bei Bekan\u00adntwer\u00adden von Rechtsver\u00adlet\u00adzun\u00adgen wer\u00adden wir der\u00adar\u00adtige Links umge\u00adhend entfernen.<\/p>\n<h3>Urhe\u00adber\u00adrecht<\/h3>\n<p>Die durch die Seit\u00aden\u00adbe\u00adtreiber erstell\u00adten Inhalte und Werke auf diesen Seit\u00aden unter\u00adliegen dem deutschen Urhe\u00adber\u00adrecht. Die Vervielf\u00e4l\u00adti\u00adgung, Bear\u00adbeitung, Ver\u00adbre\u00aditung und jede Art der Ver\u00adw\u00ader\u00adtung au\u00dfer\u00adhalb der Gren\u00adzen des Urhe\u00adber\u00adrecht\u00ades bed\u00fcr\u00adfen der schriftlichen Zus\u00adtim\u00admung des jew\u00adeili\u00adgen Autors bzw. Erstellers. Down\u00adloads und Kopi\u00aden dieser Seite sind nur f\u00fcr den pri\u00advat\u00aden, nicht kom\u00admerziellen Gebrauch gestattet.<\/p>\n<p>Soweit die Inhalte auf dieser Seite nicht vom Betreiber erstellt wur\u00adden, wer\u00adden die Urhe\u00adber\u00adrechte Drit\u00adter beachtet. Ins\u00adbeson\u00addere wer\u00adden Inhalte Drit\u00adter als solche gekennze\u00adich\u00adnet. Soll\u00adten Sie trotz\u00addem auf eine Urhe\u00adber\u00adrechtsver\u00adlet\u00adzung aufmerk\u00adsam wer\u00adden, bit\u00adten wir um einen entsprechen\u00adden Hin\u00adweis. Bei Bekan\u00adntwer\u00adden von Rechtsver\u00adlet\u00adzun\u00adgen wer\u00adden wir der\u00adar\u00adtige Inhalte umge\u00adhend entfernen.<\/p>\n<h3>Externe Nach\u00adweise<\/h3>\n<p>Dieses Impres\u00adsum gilt eben\u00adso f\u00fcr unsere face\u00adbook und insta\u00adgram&nbsp;Seite.<\/p>","protected":false},"excerpt":{"rendered":"<p>Angaben gem\u00e4\u00df \u00a7 5 TMG Rudolf Grimm Pen\u00adsion Pas\u00adto\u00adriushaus An der Heuwaag 1 91438 Bad Wind\u00adsheim Kon\u00adtakt Tele\u00adfon: 098417078 E\u2011Mail: info@pastoriushaus.com Umsatzs\u00adteuer-ID Umsatzs\u00adteuer-Iden\u00adti\u00adfika\u00adtion\u00adsnum\u00admer gem\u00e4\u00df \u00a7 27 a Umsatzs\u00adteuerge\u00adsetz: 252\/222\/50008 EU-Stre\u00aditschlich\u00adtung Die Europ\u00e4is\u00adche Kom\u00admis\u00adsion stellt eine Plat\u00adtform zur Online-Stre\u00adit\u00adbei\u00adle\u00adgung (OS) bere\u00adit: https:\/\/ec.europa.eu\/consumers\/odr. Unsere E\u2011Mail-Adresse find\u00aden Sie oben im Impres\u00adsum. Verbraucher\u00adstreit\u00adbeilegung\/Universal\u00adschlichtungs\u00adstelle Wir sind nicht bere\u00adit oder verpflichtet,\u2026<\/p>","protected":false},"author":1,"featured_media":0,"parent":0,"menu_order":0,"comment_status":"closed","ping_status":"closed","template":"","meta":{"wp_typography_post_enhancements_disabled":false,"_kadence_starter_templates_imported_post":false,"_kad_post_transparent":"","_kad_post_title":"","_kad_post_layout":"","_kad_post_sidebar_id":"","_kad_post_content_style":"","_kad_post_vertical_padding":"","_kad_post_feature":"","_kad_post_feature_position":"","_kad_post_header":false,"_kad_post_footer":false,"_kad_post_classname":"","footnotes":""},"class_list":["post-280","page","type-page","status-publish","hentry"],"_links":{"self":[{"href":"https:\/\/pastoriushaus.com\/en\/wp-json\/wp\/v2\/pages\/280","targetHints":{"allow":["GET"]}}],"collection":[{"href":"https:\/\/pastoriushaus.com\/en\/wp-json\/wp\/v2\/pages"}],"about":[{"href":"https:\/\/pastoriushaus.com\/en\/wp-json\/wp\/v2\/types\/page"}],"author":[{"embeddable":true,"href":"https:\/\/pastoriushaus.com\/en\/wp-json\/wp\/v2\/users\/1"}],"replies":[{"embeddable":true,"href":"https:\/\/pastoriushaus.com\/en\/wp-json\/wp\/v2\/comments?post=280"}],"version-history":[{"count":1,"href":"https:\/\/pastoriushaus.com\/en\/wp-json\/wp\/v2\/pages\/280\/revisions"}],"predecessor-version":[{"id":3838,"href":"https:\/\/pastoriushaus.com\/en\/wp-json\/wp\/v2\/pages\/280\/revisions\/3838"}],"wp:attachment":[{"href":"https:\/\/pastoriushaus.com\/en\/wp-json\/wp\/v2\/media?parent=280"}],"curies":[{"name":"wp","href":"https:\/\/api.w.org\/{rel}","templated":true}]}}